{"id":761,"date":"2021-05-11T09:56:04","date_gmt":"2021-05-11T09:56:04","guid":{"rendered":"https:\/\/nauthemes.com\/wp\/neurology\/?page_id=761"},"modified":"2024-12-19T18:14:41","modified_gmt":"2024-12-19T17:14:41","slug":"neurology-services","status":"publish","type":"page","link":"https:\/\/cliniquelavallee.ma\/?page_id=761","title":{"rendered":"Addictologie"},"content":{"rendered":"\t\t<div data-elementor-type=\"wp-page\" data-elementor-id=\"761\" class=\"elementor elementor-761\">\n\t\t\t\t\t\t<section class=\"elementor-section elementor-top-section elementor-element elementor-element-cf63c4e elementor-section-full_width elementor-section-stretched elementor-section-height-default elementor-section-height-default\" data-id=\"cf63c4e\" data-element_type=\"section\" data-settings=\"{&quot;stretch_section&quot;:&quot;section-stretched&quot;,&quot;background_background&quot;:&quot;classic&quot;}\">\n\t\t\t\t\t\t<div class=\"elementor-container elementor-column-gap-no\">\n\t\t\t\t\t<div class=\"elementor-column elementor-col-100 elementor-top-column elementor-element elementor-element-a3be5dd\" data-id=\"a3be5dd\" data-element_type=\"column\">\n\t\t\t<div class=\"elementor-widget-wrap elementor-element-populated\">\n\t\t\t\t\t\t<div class=\"elementor-element elementor-element-767d2e3 elementor-widget elementor-widget-services_grid\" data-id=\"767d2e3\" data-element_type=\"widget\" data-widget_type=\"services_grid.default\">\n\t\t\t\t<div class=\"elementor-widget-container\">\n\t\t\t\t\t\t\n\t\t\n\t \n\t\n\t<section>\n\t\t<div class=\"w-100 pt-30 pb-100 position-relative\">\n\t\t\t<div class=\"container\">\n\t\t\t\t\t\t\t<div class=\"serv-wrap2 res-row position-relative w-100\">\n\t\t\t\t\t<div class=\"row mrg30\">\n\t\t\t\t\t\t\n\t\t\t\t\t\t\n\t\t\t\t\t\t\t\t<div class=\"col-md-6 col-sm-6 col-lg-4\">\n\t\t\t\t\t\t\t\t\t<div class=\"serv-box2 position-relative w-100\">\n\t\t\t\t\t\t\t\t\t\t\t\t\t\t\t\t\t\t\t\t\t<div class=\"serv-img2 brd-rd10 position-relative overflow-hidden w-100\">\n\t\t\t\t\t\t\t\t\t\t\t\t<img decoding=\"async\" class=\"img-fluid w-100\" src=\"https:\/\/cliniquelavallee.ma\/wp-content\/uploads\/bfi_thumb\/top-view-doctor-using-laptop-clipboard-1-qygcyn7ncumsx9rvr4we3vhjz7vxms2obgvg1ttq5k.jpg\" alt=\"\">\n\t\t\t\t\t\t\t\t\t\t\t\t<a class=\"position-absolute\" href=\"https:\/\/cliniquelavallee.ma\/?services=assistance-sociale-suivi-decharge\" title=\"\"><i class=\"flaticon-plus\"><\/i><\/a>\n\t\t\t\t\t\t\t\t\t\t\t<\/div>\n\t\t\t\t\t\t\t\t\t\t\t\t\t\t\t\t\t\t\t\t\t<div class=\"serv-info2 position-absolute\">\n\t\t\t\t\t\t\t\t\t\t\t\t<h3 class=\"mb-0\"><a href=\"https:\/\/cliniquelavallee.ma\/?services=assistance-sociale-suivi-decharge\" title=\"\">Assistance sociale &#8211; Suivi &#038; d\u00e9charge<\/a><\/h3>\n\t\t\t\t\t\t\t\t\t\t\t<\/div>\n\t\t\t\t\t\t\t\t\t<\/div>\n\t\t\t\t\t\t\t\t<\/div>\n\t\t\t\t\t\t\t\t\n\t\t\t\t\t\t\t\t\n\t\t\t\t\t\t\n\t\t\t\t\t\t\t\t<div class=\"col-md-6 col-sm-6 col-lg-4\">\n\t\t\t\t\t\t\t\t\t<div class=\"serv-box2 position-relative w-100\">\n\t\t\t\t\t\t\t\t\t\t\t\t\t\t\t\t\t\t\t\t\t<div class=\"serv-img2 brd-rd10 position-relative overflow-hidden w-100\">\n\t\t\t\t\t\t\t\t\t\t\t\t<img decoding=\"async\" class=\"img-fluid w-100\" src=\"https:\/\/cliniquelavallee.ma\/wp-content\/uploads\/bfi_thumb\/relaxation-qygdumnxwwf1zlbbzgmdgax7o88kk01v1s18xsegfc.jpg\" alt=\"\">\n\t\t\t\t\t\t\t\t\t\t\t\t<a class=\"position-absolute\" href=\"https:\/\/cliniquelavallee.ma\/?services=therapies-complementaires-2\" title=\"\"><i class=\"flaticon-plus\"><\/i><\/a>\n\t\t\t\t\t\t\t\t\t\t\t<\/div>\n\t\t\t\t\t\t\t\t\t\t\t\t\t\t\t\t\t\t\t\t\t<div class=\"serv-info2 position-absolute\">\n\t\t\t\t\t\t\t\t\t\t\t\t<h3 class=\"mb-0\"><a href=\"https:\/\/cliniquelavallee.ma\/?services=therapies-complementaires-2\" title=\"\">Th\u00e9rapies Compl\u00e9mentaires<\/a><\/h3>\n\t\t\t\t\t\t\t\t\t\t\t<\/div>\n\t\t\t\t\t\t\t\t\t<\/div>\n\t\t\t\t\t\t\t\t<\/div>\n\t\t\t\t\t\t\t\t\n\t\t\t\t\t\t\t\t\n\t\t\t\t\t\t\n\t\t\t\t\t\t\t\t<div class=\"col-md-6 col-sm-6 col-lg-4\">\n\t\t\t\t\t\t\t\t\t<div class=\"serv-box2 position-relative w-100\">\n\t\t\t\t\t\t\t\t\t\t\t\t\t\t\t\t\t\t\t\t\t<div class=\"serv-img2 brd-rd10 position-relative overflow-hidden w-100\">\n\t\t\t\t\t\t\t\t\t\t\t\t<img decoding=\"async\" class=\"img-fluid w-100\" src=\"https:\/\/cliniquelavallee.ma\/wp-content\/uploads\/bfi_thumb\/homeless-man-sitting-sideways-cardboard-1-qygdepae3ym59gg6zkry7bm1b6qo4mtliy32700luw.jpg\" alt=\"\">\n\t\t\t\t\t\t\t\t\t\t\t\t<a class=\"position-absolute\" href=\"https:\/\/cliniquelavallee.ma\/?services=prise-en-charge-daddiction\" title=\"\"><i class=\"flaticon-plus\"><\/i><\/a>\n\t\t\t\t\t\t\t\t\t\t\t<\/div>\n\t\t\t\t\t\t\t\t\t\t\t\t\t\t\t\t\t\t\t\t\t<div class=\"serv-info2 position-absolute\">\n\t\t\t\t\t\t\t\t\t\t\t\t<h3 class=\"mb-0\"><a href=\"https:\/\/cliniquelavallee.ma\/?services=prise-en-charge-daddiction\" title=\"\">Prise en charge d\u2019addiction<\/a><\/h3>\n\t\t\t\t\t\t\t\t\t\t\t<\/div>\n\t\t\t\t\t\t\t\t\t<\/div>\n\t\t\t\t\t\t\t\t<\/div>\n\t\t\t\t\t\t\t\t\n\t\t\t\t\t\t\t\t\t\t\t\t\t\n\t\t\t\t\t<\/div>\n\t\t\t\t<\/div><!-- Services Wrap 2 -->\n\t\t\t\t\t\t\t\t\t\t\t<div class=\"pagination-wrap mt-60 text-center w-100\">\n\t\t\t\t\t\t\t<div class=\"pagination-inner d-inline-block\">\n\t\t\t\t\t\t\t\t<ul class=\"pagination mb-0\">\n\t\t\t\t\t\t\t\t\t\t\t\t\t\t\t\t\t<\/ul>\n\t\t\t\t\t\t\t<\/div>\n\t\t\t\t\t\t<\/div><!-- Pagination Wrap -->\n\t\t\t\t\t\t\t\t<\/div>\n\t\t<\/div>\n\t<\/section>\n\t\t\n\t\t\n\t\n    \t\t\t\t<\/div>\n\t\t\t\t<\/div>\n\t\t\t\t\t<\/div>\n\t\t<\/div>\n\t\t\t\t\t<\/div>\n\t\t<\/section>\n\t\t\t\t<\/div>\n\t\t","protected":false},"excerpt":{"rendered":"<p>Assistance sociale &#8211; Suivi &#038; d\u00e9charge Th\u00e9rapies Compl\u00e9mentaires Prise en charge d\u2019addiction<\/p>\n","protected":false},"author":1,"featured_media":0,"parent":0,"menu_order":0,"comment_status":"closed","ping_status":"closed","template":"","meta":{"footnotes":""},"class_list":["post-761","page","type-page","status-publish","hentry"],"_links":{"self":[{"href":"https:\/\/cliniquelavallee.ma\/index.php?rest_route=\/wp\/v2\/pages\/761","targetHints":{"allow":["GET"]}}],"collection":[{"href":"https:\/\/cliniquelavallee.ma\/index.php?rest_route=\/wp\/v2\/pages"}],"about":[{"href":"https:\/\/cliniquelavallee.ma\/index.php?rest_route=\/wp\/v2\/types\/page"}],"author":[{"embeddable":true,"href":"https:\/\/cliniquelavallee.ma\/index.php?rest_route=\/wp\/v2\/users\/1"}],"replies":[{"embeddable":true,"href":"https:\/\/cliniquelavallee.ma\/index.php?rest_route=%2Fwp%2Fv2%2Fcomments&post=761"}],"version-history":[{"count":8,"href":"https:\/\/cliniquelavallee.ma\/index.php?rest_route=\/wp\/v2\/pages\/761\/revisions"}],"predecessor-version":[{"id":2230,"href":"https:\/\/cliniquelavallee.ma\/index.php?rest_route=\/wp\/v2\/pages\/761\/revisions\/2230"}],"wp:attachment":[{"href":"https:\/\/cliniquelavallee.ma\/index.php?rest_route=%2Fwp%2Fv2%2Fmedia&parent=761"}],"curies":[{"name":"wp","href":"https:\/\/api.w.org\/{rel}","templated":true}]}}