{"id":527,"date":"2021-05-08T10:56:47","date_gmt":"2021-05-08T10:56:47","guid":{"rendered":"https:\/\/nauthemes.com\/wp\/neurology\/?page_id=527"},"modified":"2026-03-17T10:08:45","modified_gmt":"2026-03-17T09:08:45","slug":"a-propos","status":"publish","type":"page","link":"https:\/\/cliniquelavallee.ma\/?page_id=527","title":{"rendered":"\u00c0 Propos"},"content":{"rendered":"\t\t<div data-elementor-type=\"wp-page\" data-elementor-id=\"527\" class=\"elementor elementor-527\">\n\t\t\t\t<div class=\"elementor-element elementor-element-ccfaeec e-flex e-con-boxed e-con e-parent\" data-id=\"ccfaeec\" data-element_type=\"container\">\n\t\t\t\t\t<div class=\"e-con-inner\">\n\t\t\t\t<div class=\"elementor-element elementor-element-cd359a2 elementor-widget elementor-widget-text-editor\" data-id=\"cd359a2\" data-element_type=\"widget\" data-widget_type=\"text-editor.default\">\n\t\t\t\t\t\t\t\t\t<h2><span style=\"text-decoration: underline;\"><span style=\"color: #000000; text-decoration: underline;\">\u00c0 Propos de\u00a0 Clinique La Vall\u00e9e<\/span><\/span><\/h2><h3>Vision<\/h3><p><strong>Clinique La Vall\u00e9e<\/strong> aspire \u00e0 devenir une oasis de gu\u00e9rison o\u00f9 chaque personne se sent accueillie , respect\u00e9e et comprise dans son cheminement vers le bien-\u00eatre. Nous nous engageons \u00e0 cr\u00e9er un environnement chaleureux et s\u00e9curisant o\u00f9 l&#8217; espoir et la compassion fleurissent. Nous visons \u00e0 \u00eatre un phare d&#8217;espoir dans le domaine de la sant\u00e9 mentale et du traitement des d\u00e9pendances, guidant les individus vers un avenir plus lumineux.<\/p><h3>Mission<\/h3><p>La mission de Clinique La Vall\u00e9e est d&#8217;offrir \u00e0 chaque personne qui franchit nos portes un accompagnement personnalis\u00e9 et bienveillant pour apaiser ses souffrances mentales et \u00e9motionnelles. Nous nous engageons \u00e0 fournir des soins et un soutien bas\u00e9s sur les derni\u00e8res avanc\u00e9es scientifiques, tout en reconnaissant l&#8217;unicit\u00e9 et la complexit\u00e9 de chaque individu. Notre mission est de favoriser l&#8217;\u00e9panouissement personnel et la pleine r\u00e9alisation de soi pour chaque personne qui nous confie son bien-\u00eatre.<\/p><h3>Valeurs<\/h3><p>Les valeurs qui guident le c\u0153ur de la Clinique La Vall\u00e9e sont :<\/p><p><strong>Compassion et respect<\/strong>\u00a0<\/p><p>Nous accueillons chaque individu avec une profonde empathie et une compr\u00e9hension sans jugement. Nous reconnaissons la dignit\u00e9 inh\u00e9rente et la valeur de chaque personne.<\/p><p><strong>Confidentialit\u00e9 <\/strong><\/p><p>Nous accordons une importance primordiale \u00e0 la confidentialit\u00e9 de chaque patient. Nous comprenons que les informations personnelles et les exp\u00e9riences partag\u00e9es sont sacr\u00e9es et nous nous engageons \u00e0 les traiter avec la plus grande discr\u00e9tion.<\/p><p><strong>Int\u00e9grit\u00e9 et transparence<\/strong><\/p><p>Nous agissons avec une honn\u00eatet\u00e9 absolue et une communication ouverte, cr\u00e9ant un climat de confiance et de s\u00e9curit\u00e9.<\/p><p><strong>Collaboration et partenariat<\/strong>\u00a0<\/p><p>Nous travaillons main dans la main avec nos patients, leurs familles et d&#8217;autres professionnels de la sant\u00e9 pour proposer des soins personnalis\u00e9s et holistiques.<\/p><p><strong>Excellence et innovation<\/strong>\u00a0<\/p><p>Nous nous engageons \u00e0 fournir des soins de pointe bas\u00e9s sur les derni\u00e8res recherches et \u00e0 explorer de nouvelles voies pour am\u00e9liorer le bien-\u00eatre \u00e9motionnel.<\/p><p><strong>Responsabilit\u00e9 et durabilit\u00e9<\/strong>\u00a0<\/p><p>Nous sommes d\u00e9vou\u00e9s \u00e0 l&#8217;utilisation responsable des ressources et \u00e0 la promotion de pratiques respectueuses de l&#8217;environnement.<\/p><h3>Equipe m\u00e9dicale<\/h3><p>Clinique La Vall\u00e9e est compos\u00e9e d&#8217;une \u00e9quipe d\u00e9vou\u00e9e de professionnels de la sant\u00e9 exp\u00e9riment\u00e9s et passionn\u00e9s, incluant :<\/p><ul><li><span style=\"color: #808080;\">Psychiatres<\/span><\/li><li><span style=\"color: #808080;\">Psychologues<\/span><\/li><li><span style=\"color: #808080;\">Assistants sociaux<\/span><\/li><li><span style=\"color: #808080;\">Ergoth\u00e9rapeutes<\/span><\/li><li><span style=\"color: #808080;\">Coach de vie<\/span><\/li><li><span style=\"color: #808080;\">Infirmi\u00e8res<\/span><\/li><\/ul>\t\t\t\t\t\t\t\t<\/div>\n\t\t\t\t\t<\/div>\n\t\t\t\t<\/div>\n\t\t\t\t<\/div>\n\t\t","protected":false},"excerpt":{"rendered":"<p>\u00c0 Propos de\u00a0 Clinique La Vall\u00e9e Vision Clinique La Vall\u00e9e aspire \u00e0 devenir une oasis de gu\u00e9rison o\u00f9 chaque personne se sent accueillie , respect\u00e9e et comprise dans son cheminement vers le bien-\u00eatre. Nous nous engageons \u00e0 cr\u00e9er un environnement chaleureux et s\u00e9curisant o\u00f9 l&#8217; espoir et la compassion fleurissent. [&hellip;]<\/p>\n","protected":false},"author":1,"featured_media":0,"parent":0,"menu_order":0,"comment_status":"closed","ping_status":"closed","template":"","meta":{"footnotes":""},"class_list":["post-527","page","type-page","status-publish","hentry"],"_links":{"self":[{"href":"https:\/\/cliniquelavallee.ma\/index.php?rest_route=\/wp\/v2\/pages\/527","targetHints":{"allow":["GET"]}}],"collection":[{"href":"https:\/\/cliniquelavallee.ma\/index.php?rest_route=\/wp\/v2\/pages"}],"about":[{"href":"https:\/\/cliniquelavallee.ma\/index.php?rest_route=\/wp\/v2\/types\/page"}],"author":[{"embeddable":true,"href":"https:\/\/cliniquelavallee.ma\/index.php?rest_route=\/wp\/v2\/users\/1"}],"replies":[{"embeddable":true,"href":"https:\/\/cliniquelavallee.ma\/index.php?rest_route=%2Fwp%2Fv2%2Fcomments&post=527"}],"version-history":[{"count":32,"href":"https:\/\/cliniquelavallee.ma\/index.php?rest_route=\/wp\/v2\/pages\/527\/revisions"}],"predecessor-version":[{"id":2365,"href":"https:\/\/cliniquelavallee.ma\/index.php?rest_route=\/wp\/v2\/pages\/527\/revisions\/2365"}],"wp:attachment":[{"href":"https:\/\/cliniquelavallee.ma\/index.php?rest_route=%2Fwp%2Fv2%2Fmedia&parent=527"}],"curies":[{"name":"wp","href":"https:\/\/api.w.org\/{rel}","templated":true}]}}