{"id":447,"date":"2021-04-18T07:37:07","date_gmt":"2021-04-18T07:37:07","guid":{"rendered":"https:\/\/nauthemes.com\/wp\/neurology\/?page_id=447"},"modified":"2024-12-16T13:10:36","modified_gmt":"2024-12-16T12:10:36","slug":"blog","status":"publish","type":"page","link":"https:\/\/cliniquelavallee.ma\/?page_id=447","title":{"rendered":"Blog"},"content":{"rendered":"\t\t<div data-elementor-type=\"wp-page\" data-elementor-id=\"447\" class=\"elementor elementor-447\">\n\t\t\t\t\t\t<section class=\"elementor-section elementor-top-section elementor-element elementor-element-81dcb54 elementor-section-full_width elementor-section-stretched elementor-section-height-default elementor-section-height-default\" data-id=\"81dcb54\" data-element_type=\"section\" data-settings=\"{&quot;stretch_section&quot;:&quot;section-stretched&quot;}\">\n\t\t\t\t\t\t<div class=\"elementor-container elementor-column-gap-no\">\n\t\t\t\t\t<div class=\"elementor-column elementor-col-100 elementor-top-column elementor-element elementor-element-017362e\" data-id=\"017362e\" data-element_type=\"column\">\n\t\t\t<div class=\"elementor-widget-wrap elementor-element-populated\">\n\t\t\t\t\t\t<div class=\"elementor-element elementor-element-53de75a elementor-widget elementor-widget-blog_grid\" data-id=\"53de75a\" data-element_type=\"widget\" data-widget_type=\"blog_grid.default\">\n\t\t\t\t<div class=\"elementor-widget-container\">\n\t\t\t\t\t\n   \n   <section>\n\t\t<div class=\"w-100 pt-100 white-layer opc97 pb-90 position-relative\">\n\t\t\t<div class=\"container\">\n\t\t\t\t<div class=\"news-wrap2 res-row position-relative w-100\">\n\t\t\t\t\t<div class=\"row mrg30\">\n\t\t\t\t\t\t\t\n\t\t\t\t\t\t\t<div class=\"col-md-6 col-sm-6 col-lg-4\">\n\t\t\t\t\t\t\t\t<div class=\"news-box2 brd-rd10 position-relative overflow-hidden w-100\">\n\t\t\t\t\t\t\t\t\t\t<div class=\"news-img2 position-relative overflow-hidden w-100\">\n\t\t\t\t\t\t\t\t\t\t\t<a href=\"https:\/\/cliniquelavallee.ma\/?p=878\"><img decoding=\"async\" class=\"img-fluid w-100\" src=\"https:\/\/cliniquelavallee.ma\/wp-content\/uploads\/2024\/12\/collection-activites-ergotherapie-dessinees-main_52683-84538.avif\" title=\"Featured Image\"><\/a>\n\t\t\t\t\t\t\t\t\t\t<\/div>\n\t\t\t\t\t\t\t\t\t\t<div class=\"news-info2 brd-rd10 bg-color6 position-relative w-100\">\n\t\t\t\t\t\t\t\t\t\t\t<img alt='' src='https:\/\/secure.gravatar.com\/avatar\/825afebc0687e2f63c0f82fa02d5e68f20fc8dc6c8a9096b58e649acfd6f9ba6?s=60&#038;d=mm&#038;r=g' srcset='https:\/\/secure.gravatar.com\/avatar\/825afebc0687e2f63c0f82fa02d5e68f20fc8dc6c8a9096b58e649acfd6f9ba6?s=120&#038;d=mm&#038;r=g 2x' class='avatar avatar-60 photo authr-img z1 img-fluid rounded-circle position-absolute' height='60' width='60' \/>\n\t\t\t\t\t\t\t\t\t\t\t<h3 class=\"mb-0\"><a href=\"https:\/\/cliniquelavallee.ma\/?p=878\">Le pouvoir de l&#8217;ergoth\u00e9rapie dans le traitement des d\u00e9pendances \u00e0 Clinique La Vall\u00e9e<\/a><\/h3>\n\t\t\t\t\t\t\t\t\t\t\t<ul class=\"meta mb-0 list-unstyled d-flex flex-wrap w-100\">\n\t\t\t\t\t\t\t\t\t\t\t\t<li class=\"thm-clr\"><a href=\"https:\/\/cliniquelavallee.ma\/?p=878\" title=\"\">25 juin 2023<\/a><\/li>\n\t\t\t\t\t\t\t\t\t\t\t\t<li><a href=\"https:\/\/cliniquelavallee.ma\/?author=1\" title=\"\">admin<\/a><\/li>\n\t\t\t\t\t\t\t\t\t\t\t<\/ul>\n\t\t\t\t\t\t\t\t\t\t<\/div>\n\t\t\t\t\t\t\t\t<\/div>\n\t\t\t\t\t\t\t<\/div>\n\t\t\t\t\t<\/div>\n\t\t\t\t<\/div>\n\t\t\t\t\t\t<div class=\"pagination-wrap mt-60 text-center w-100\">\n\t\t\t\t\t\t\t<div class=\"pagination-inner d-inline-block\">\n\t\t\t\t\t\t\t\t<ul class=\"pagination mb-0\">\n\t\t\t\t\t\t\t\t<\/ul>\n\t\t\t\t\t\t\t<\/div>\n\t\t\t\t\t\t<\/div>\n\t\t\t<\/div>\n\t\t<\/div>\n\t<\/section>\t\t\t\t<\/div>\n\t\t\t\t<\/div>\n\t\t\t\t\t<\/div>\n\t\t<\/div>\n\t\t\t\t\t<\/div>\n\t\t<\/section>\n\t\t\t\t<section class=\"elementor-section elementor-top-section elementor-element elementor-element-d609e6a elementor-section-full_width elementor-section-stretched elementor-section-height-default elementor-section-height-default\" data-id=\"d609e6a\" data-element_type=\"section\" data-settings=\"{&quot;stretch_section&quot;:&quot;section-stretched&quot;}\">\n\t\t\t\t\t\t<div class=\"elementor-container elementor-column-gap-no\">\n\t\t\t\t\t<div class=\"elementor-column elementor-col-100 elementor-top-column elementor-element elementor-element-e52744d\" data-id=\"e52744d\" data-element_type=\"column\">\n\t\t\t<div class=\"elementor-widget-wrap\">\n\t\t\t\t\t\t\t<\/div>\n\t\t<\/div>\n\t\t\t\t\t<\/div>\n\t\t<\/section>\n\t\t\t\t<\/div>\n\t\t","protected":false},"excerpt":{"rendered":"<p>Le pouvoir de l&rsquo;ergoth\u00e9rapie dans le traitement des d\u00e9pendances \u00e0 Clinique La Vall\u00e9e 25 juin 2023 admin<\/p>\n","protected":false},"author":1,"featured_media":0,"parent":0,"menu_order":0,"comment_status":"closed","ping_status":"closed","template":"","meta":{"footnotes":""},"class_list":["post-447","page","type-page","status-publish","hentry"],"_links":{"self":[{"href":"https:\/\/cliniquelavallee.ma\/index.php?rest_route=\/wp\/v2\/pages\/447","targetHints":{"allow":["GET"]}}],"collection":[{"href":"https:\/\/cliniquelavallee.ma\/index.php?rest_route=\/wp\/v2\/pages"}],"about":[{"href":"https:\/\/cliniquelavallee.ma\/index.php?rest_route=\/wp\/v2\/types\/page"}],"author":[{"embeddable":true,"href":"https:\/\/cliniquelavallee.ma\/index.php?rest_route=\/wp\/v2\/users\/1"}],"replies":[{"embeddable":true,"href":"https:\/\/cliniquelavallee.ma\/index.php?rest_route=%2Fwp%2Fv2%2Fcomments&post=447"}],"version-history":[{"count":5,"href":"https:\/\/cliniquelavallee.ma\/index.php?rest_route=\/wp\/v2\/pages\/447\/revisions"}],"predecessor-version":[{"id":2103,"href":"https:\/\/cliniquelavallee.ma\/index.php?rest_route=\/wp\/v2\/pages\/447\/revisions\/2103"}],"wp:attachment":[{"href":"https:\/\/cliniquelavallee.ma\/index.php?rest_route=%2Fwp%2Fv2%2Fmedia&parent=447"}],"curies":[{"name":"wp","href":"https:\/\/api.w.org\/{rel}","templated":true}]}}